{"id":1914,"date":"2025-07-21T10:14:27","date_gmt":"2025-07-21T17:14:27","guid":{"rendered":"https:\/\/shop.ievoshop.com\/?post_type=product&#038;p=1914"},"modified":"2026-04-22T11:37:10","modified_gmt":"2026-04-22T18:37:10","slug":"omega-3-6-9-vitamin-e","status":"publish","type":"product","link":"https:\/\/ievolutionclub.com\/es\/producto\/omega-3-6-9-vitamin-e\/","title":{"rendered":"Omegas 3, 6 y 9"},"content":{"rendered":"","protected":false},"excerpt":{"rendered":"<p>\u2705 <strong>Favorece<\/strong> <strong>la salud cardiovascular<\/strong> - Formulado para ayudar a mantener un sistema cardiovascular sano y favorecer niveles normales de presi\u00f3n arterial.<\/p>\n<p>\u2705 <strong>Favorece un flujo sangu\u00edneo sano<\/strong> - Contiene nutrientes que contribuyen a los procesos normales de coagulaci\u00f3n de la sangre.<\/p>\n<p>\u2705 <strong>Equilibra los niveles de l\u00edpidos<\/strong> - Ayuda a mantener niveles saludables de colesterol y triglic\u00e9ridos, favoreciendo el equilibrio lip\u00eddico general.<\/p>\n<p>\u2705 <strong>Favorece<\/strong> <strong>la salud cerebral<\/strong> - Aporta \u00e1cidos grasos esenciales que ayudan a proteger las c\u00e9lulas cerebrales y favorecen la funci\u00f3n cognitiva.<\/p>\n<p>\u2705 <strong>Mejora<\/strong> <strong>la funci\u00f3n inmunitaria<\/strong> - Rico en \u00e1cidos grasos esenciales que favorecen una respuesta inmunitaria saludable.<\/p>","protected":false},"featured_media":7111,"template":"spb-full-width.php","meta":[],"product_brand":[],"product_cat":[36,33],"product_tag":[38,39],"wf_product_folders":[],"class_list":{"0":"post-1914","1":"product","2":"type-product","3":"status-publish","4":"has-post-thumbnail","6":"product_cat-all","7":"product_cat-all-products","8":"product_tag-mexico","9":"product_tag-united-states","11":"first","12":"instock","13":"taxable","14":"shipping-taxable","15":"purchasable","16":"product-type-simple"},"_links":{"self":[{"href":"https:\/\/ievolutionclub.com\/es\/wp-json\/wp\/v2\/product\/1914","targetHints":{"allow":["GET"]}}],"collection":[{"href":"https:\/\/ievolutionclub.com\/es\/wp-json\/wp\/v2\/product"}],"about":[{"href":"https:\/\/ievolutionclub.com\/es\/wp-json\/wp\/v2\/types\/product"}],"wp:featuredmedia":[{"embeddable":true,"href":"https:\/\/ievolutionclub.com\/es\/wp-json\/wp\/v2\/media\/7111"}],"wp:attachment":[{"href":"https:\/\/ievolutionclub.com\/es\/wp-json\/wp\/v2\/media?parent=1914"}],"wp:term":[{"taxonomy":"product_brand","embeddable":true,"href":"https:\/\/ievolutionclub.com\/es\/wp-json\/wp\/v2\/product_brand?post=1914"},{"taxonomy":"product_cat","embeddable":true,"href":"https:\/\/ievolutionclub.com\/es\/wp-json\/wp\/v2\/product_cat?post=1914"},{"taxonomy":"product_tag","embeddable":true,"href":"https:\/\/ievolutionclub.com\/es\/wp-json\/wp\/v2\/product_tag?post=1914"},{"taxonomy":"wf_product_folders","embeddable":true,"href":"https:\/\/ievolutionclub.com\/es\/wp-json\/wp\/v2\/wf_product_folders?post=1914"}],"curies":[{"name":"wp","href":"https:\/\/api.w.org\/{rel}","templated":true}]}}