{"id":1918,"date":"2025-07-21T10:14:27","date_gmt":"2025-07-21T17:14:27","guid":{"rendered":"https:\/\/shop.ievoshop.com\/?post_type=product&#038;p=1918"},"modified":"2026-04-22T11:36:57","modified_gmt":"2026-04-22T18:36:57","slug":"royal-coffee","status":"publish","type":"product","link":"https:\/\/ievolutionclub.com\/es\/producto\/royal-coffee\/","title":{"rendered":"Caf\u00e9 Royal Negro"},"content":{"rendered":"","protected":false},"excerpt":{"rendered":"<p>\u2705 <strong>Despierta la energ\u00eda natural<\/strong> - Comience el d\u00eda con un impulso de energ\u00eda natural, que le ayudar\u00e1 a mantenerse activo y alerta.<\/p>\n<p>\u2705 <strong>Aumenta la concentraci\u00f3n<\/strong> - Formulado para ayudar a mejorar el enfoque y la concentraci\u00f3n, por lo que es perfecto para las ma\u00f1anas ocupadas o largas jornadas de trabajo.<\/p>\n<p><strong>Reduce el estr\u00e9s oxidativo<\/strong> - Rico en antioxidantes que ayudan a combatir el estr\u00e9s oxidativo, promoviendo el bienestar general.<\/p>\n<p>\u2705 <strong>Mejora la claridad mental<\/strong> - Favorece la claridad y agudeza mental, ayud\u00e1ndote a mantenerte en la cima de tu juego.<\/p>","protected":false},"featured_media":5312,"template":"spb-full-width.php","meta":[],"product_brand":[],"product_cat":[33,80],"product_tag":[38,39],"wf_product_folders":[],"class_list":{"0":"post-1918","1":"product","2":"type-product","3":"status-publish","4":"has-post-thumbnail","6":"product_cat-all-products","7":"product_cat-energy","8":"product_tag-mexico","9":"product_tag-united-states","11":"first","12":"instock","13":"taxable","14":"shipping-taxable","15":"purchasable","16":"product-type-simple"},"_links":{"self":[{"href":"https:\/\/ievolutionclub.com\/es\/wp-json\/wp\/v2\/product\/1918","targetHints":{"allow":["GET"]}}],"collection":[{"href":"https:\/\/ievolutionclub.com\/es\/wp-json\/wp\/v2\/product"}],"about":[{"href":"https:\/\/ievolutionclub.com\/es\/wp-json\/wp\/v2\/types\/product"}],"wp:featuredmedia":[{"embeddable":true,"href":"https:\/\/ievolutionclub.com\/es\/wp-json\/wp\/v2\/media\/5312"}],"wp:attachment":[{"href":"https:\/\/ievolutionclub.com\/es\/wp-json\/wp\/v2\/media?parent=1918"}],"wp:term":[{"taxonomy":"product_brand","embeddable":true,"href":"https:\/\/ievolutionclub.com\/es\/wp-json\/wp\/v2\/product_brand?post=1918"},{"taxonomy":"product_cat","embeddable":true,"href":"https:\/\/ievolutionclub.com\/es\/wp-json\/wp\/v2\/product_cat?post=1918"},{"taxonomy":"product_tag","embeddable":true,"href":"https:\/\/ievolutionclub.com\/es\/wp-json\/wp\/v2\/product_tag?post=1918"},{"taxonomy":"wf_product_folders","embeddable":true,"href":"https:\/\/ievolutionclub.com\/es\/wp-json\/wp\/v2\/wf_product_folders?post=1918"}],"curies":[{"name":"wp","href":"https:\/\/api.w.org\/{rel}","templated":true}]}}