{"id":2075,"date":"2025-07-21T10:41:55","date_gmt":"2025-07-21T17:41:55","guid":{"rendered":"https:\/\/shop.ievoshop.com\/?post_type=product&#038;p=2075"},"modified":"2026-04-22T11:36:38","modified_gmt":"2026-04-22T18:36:38","slug":"royal-coffee-gourmet-black-on-the-go","status":"publish","type":"product","link":"https:\/\/ievolutionclub.com\/es\/producto\/royal-coffee-gourmet-black-on-the-go\/","title":{"rendered":"Royal Coffee Black \u2013 Para llevar"},"content":{"rendered":"","protected":false},"excerpt":{"rendered":"<p>\u2705 <strong>Favorece la salud inmunitaria<\/strong> - Contiene una infusi\u00f3n del hongo Ganoderma, conocido por su potencial para ayudar a mantener y regular las funciones inmunitarias naturales del organismo.<\/p>\n<p>\u2705 <strong>Aumenta la claridad mental<\/strong> - Contiene extracto de ginseng, que puede ayudar a mantener los niveles de energ\u00eda, la concentraci\u00f3n y el estado de \u00e1nimo, promoviendo la claridad mental.<\/p>\n<p>\u2705 <strong>Fuente de nutrientes esenciales<\/strong> - Incluye vitamina B6, que desempe\u00f1a un papel en la funci\u00f3n cerebral adecuada y apoya un sistema inmunol\u00f3gico saludable.<\/p>\n<p>\u2705 <strong>Promueve la salud digestiva<\/strong> - Contiene \u00e1cido f\u00falvico, que puede ayudar a mantener un entorno digestivo saludable y facilitar la absorci\u00f3n de vitaminas y minerales.<\/p>\n<p><strong>\u2705 Aumenta naturalmente la energ\u00eda<\/strong> - Elaborado con caf\u00e9 negro de primera calidad, proporciona cafe\u00edna para mantener los niveles de energ\u00eda, mejorar el estado de alerta y ayudar a aumentar el metabolismo.<\/p>","protected":false},"featured_media":2145,"template":"spb-full-width.php","meta":[],"product_brand":[],"product_cat":[33,80],"product_tag":[38,39],"wf_product_folders":[],"class_list":{"0":"post-2075","1":"product","2":"type-product","3":"status-publish","4":"has-post-thumbnail","6":"product_cat-all-products","7":"product_cat-energy","8":"product_tag-mexico","9":"product_tag-united-states","11":"first","12":"instock","13":"taxable","14":"shipping-taxable","15":"purchasable","16":"product-type-simple"},"_links":{"self":[{"href":"https:\/\/ievolutionclub.com\/es\/wp-json\/wp\/v2\/product\/2075","targetHints":{"allow":["GET"]}}],"collection":[{"href":"https:\/\/ievolutionclub.com\/es\/wp-json\/wp\/v2\/product"}],"about":[{"href":"https:\/\/ievolutionclub.com\/es\/wp-json\/wp\/v2\/types\/product"}],"wp:featuredmedia":[{"embeddable":true,"href":"https:\/\/ievolutionclub.com\/es\/wp-json\/wp\/v2\/media\/2145"}],"wp:attachment":[{"href":"https:\/\/ievolutionclub.com\/es\/wp-json\/wp\/v2\/media?parent=2075"}],"wp:term":[{"taxonomy":"product_brand","embeddable":true,"href":"https:\/\/ievolutionclub.com\/es\/wp-json\/wp\/v2\/product_brand?post=2075"},{"taxonomy":"product_cat","embeddable":true,"href":"https:\/\/ievolutionclub.com\/es\/wp-json\/wp\/v2\/product_cat?post=2075"},{"taxonomy":"product_tag","embeddable":true,"href":"https:\/\/ievolutionclub.com\/es\/wp-json\/wp\/v2\/product_tag?post=2075"},{"taxonomy":"wf_product_folders","embeddable":true,"href":"https:\/\/ievolutionclub.com\/es\/wp-json\/wp\/v2\/wf_product_folders?post=2075"}],"curies":[{"name":"wp","href":"https:\/\/api.w.org\/{rel}","templated":true}]}}